{"id":565,"date":"2023-11-29T21:43:13","date_gmt":"2023-11-29T21:43:13","guid":{"rendered":"https:\/\/prepaidelectricity.atmo-dev.com\/?page_id=565"},"modified":"2025-09-08T23:34:35","modified_gmt":"2025-09-08T23:34:35","slug":"brokerage-policy","status":"publish","type":"page","link":"https:\/\/prepaidelectricity.co\/es\/brokerage-policy\/","title":{"rendered":"Pol\u00edtica de Corretaje"},"content":{"rendered":"<p>Prepaid Electricity gana una comisi\u00f3n por cada contrato procesado con \u00e9xito por los proveedores minoristas de electricidad y tambi\u00e9n recibe una compensaci\u00f3n residual continua de los clientes por sus servicios.<\/p>\n<p>Electricidad Prepagada<br \/>\nAPARTADO POSTAL 470487<br \/>\nFort Worth, TX 76147<\/p>\n<p>Puede comunicarse con la Comisi\u00f3n de Servicios P\u00fablicos de Texas para quejas y consultas.<\/p>\n<ul>\n<li>Llamada gratuita: <a href=\"tel:1-888-782-8477\">1-888-782-8477<\/a><\/li>\n<li>TTY: <a href=\"tel:1-800-735-2988\">1-800-735-2988<\/a><\/li>\n<li>Correo electr\u00f3nico: <a href=\"mailto:consumer@puc.texas.gov\">consumer@puc.texas.gov<\/a><\/li>\n<\/ul>\n","protected":false},"excerpt":{"rendered":"<p>Prepaid Electricity gana una comisi\u00f3n por cada contrato procesado con \u00e9xito por los proveedores minoristas de electricidad y tambi\u00e9n recibe una compensaci\u00f3n residual continua de los clientes por sus servicios. Electricidad Prepagada APARTADO POSTAL 470487 Fort Worth, TX 76147 Puede comunicarse con la Comisi\u00f3n de Servicios P\u00fablicos de Texas para quejas y consultas. Llamada gratuita: [&hellip;]<\/p>\n","protected":false},"author":5,"featured_media":0,"parent":0,"menu_order":0,"comment_status":"closed","ping_status":"closed","template":"page-templates\/policy.php","meta":{"_acf_changed":false,"_yoast_wpseo_title":"Pol\u00edtica de Corretaje - Electricidad Prepagada","_yoast_wpseo_metadesc":"Prepaid Electricity gana una comisi\u00f3n por cada contrato procesado con \u00e9xito por los proveedores minoristas de electricidad y tambi\u00e9n recibe una compensaci\u00f3n residual continua de los clientes por sus servicios. Electricidad prepagada PO BOX 470487 Fort Worth, TX 76147 Puede comunicarse con la Comisi\u00f3n de Servicios P\u00fablicos de Texas para quejas y consultas. Llamada gratuita: 1-888-782-8477 TTY: 1-800-735-2988 Correo electr\u00f3nico: consumer@puc.texas.gov","footnotes":""},"class_list":["post-565","page","type-page","status-publish","hentry"],"acf":[],"yoast_head":"<!-- This site is optimized with the Yoast SEO plugin v27.5 - https:\/\/yoast.com\/product\/yoast-seo-wordpress\/ -->\n<title>Pol\u00edtica de Corretaje - Electricidad Prepagada<\/title>\n<meta name=\"description\" content=\"Prepaid Electricity gana una comisi\u00f3n por cada contrato procesado con \u00e9xito por los proveedores minoristas de electricidad y tambi\u00e9n recibe una compensaci\u00f3n residual continua de los clientes por sus servicios. Electricidad prepagada PO BOX 470487 Fort Worth, TX 76147 Puede comunicarse con la Comisi\u00f3n de Servicios P\u00fablicos de Texas para quejas y consultas. Llamada gratuita: 1-888-782-8477 TTY: 1-800-735-2988 Correo electr\u00f3nico: consumer@puc.texas.gov\" \/>\n<meta name=\"robots\" content=\"index, follow, max-snippet:-1, max-image-preview:large, max-video-preview:-1\" \/>\n<link rel=\"canonical\" href=\"https:\/\/prepaidelectricity.co\/es\/brokerage-policy\/\" \/>\n<meta property=\"og:locale\" content=\"es_ES\" \/>\n<meta property=\"og:type\" content=\"article\" \/>\n<meta property=\"og:title\" content=\"Pol\u00edtica de Corretaje - Electricidad Prepagada\" \/>\n<meta property=\"og:description\" content=\"Prepaid Electricity gana una comisi\u00f3n por cada contrato procesado con \u00e9xito por los proveedores minoristas de electricidad y tambi\u00e9n recibe una compensaci\u00f3n residual continua de los clientes por sus servicios. Electricidad prepagada PO BOX 470487 Fort Worth, TX 76147 Puede comunicarse con la Comisi\u00f3n de Servicios P\u00fablicos de Texas para quejas y consultas. Llamada gratuita: 1-888-782-8477 TTY: 1-800-735-2988 Correo electr\u00f3nico: consumer@puc.texas.gov\" \/>\n<meta property=\"og:url\" content=\"https:\/\/prepaidelectricity.co\/es\/brokerage-policy\/\" \/>\n<meta property=\"og:site_name\" content=\"Prepaid Electricity\" \/>\n<meta property=\"article:modified_time\" content=\"2025-09-08T23:34:35+00:00\" \/>\n<meta name=\"twitter:card\" content=\"summary_large_image\" \/>\n<meta name=\"twitter:label1\" content=\"Tiempo de lectura\" \/>\n\t<meta name=\"twitter:data1\" content=\"1 minuto\" \/>\n<script type=\"application\/ld+json\" class=\"yoast-schema-graph\">{\"@context\":\"https:\\\/\\\/schema.org\",\"@graph\":[{\"@type\":\"WebPage\",\"@id\":\"https:\\\/\\\/prepaidelectricity.co\\\/es\\\/brokerage-policy\\\/\",\"url\":\"https:\\\/\\\/prepaidelectricity.co\\\/es\\\/brokerage-policy\\\/\",\"name\":\"Pol\u00edtica de Corretaje - Electricidad Prepagada\",\"isPartOf\":{\"@id\":\"https:\\\/\\\/prepaidelectricity.co\\\/es\\\/#website\"},\"datePublished\":\"2023-11-29T21:43:13+00:00\",\"dateModified\":\"2025-09-08T23:34:35+00:00\",\"description\":\"Prepaid Electricity gana una comisi\u00f3n por cada contrato procesado con \u00e9xito por los proveedores minoristas de electricidad y tambi\u00e9n recibe una compensaci\u00f3n residual continua de los clientes por sus servicios. Electricidad prepagada PO BOX 470487 Fort Worth, TX 76147 Puede comunicarse con la Comisi\u00f3n de Servicios P\u00fablicos de Texas para quejas y consultas. Llamada gratuita: 1-888-782-8477 TTY: 1-800-735-2988 Correo electr\u00f3nico: consumer@puc.texas.gov\",\"breadcrumb\":{\"@id\":\"https:\\\/\\\/prepaidelectricity.co\\\/es\\\/brokerage-policy\\\/#breadcrumb\"},\"inLanguage\":\"es\",\"potentialAction\":[{\"@type\":\"ReadAction\",\"target\":[\"https:\\\/\\\/prepaidelectricity.co\\\/es\\\/brokerage-policy\\\/\"]}]},{\"@type\":\"BreadcrumbList\",\"@id\":\"https:\\\/\\\/prepaidelectricity.co\\\/es\\\/brokerage-policy\\\/#breadcrumb\",\"itemListElement\":[{\"@type\":\"ListItem\",\"position\":1,\"name\":\"Home\",\"item\":\"https:\\\/\\\/prepaidelectricity.co\\\/es\\\/\"},{\"@type\":\"ListItem\",\"position\":2,\"name\":\"Pol\u00edtica de Corretaje\"}]},{\"@type\":\"WebSite\",\"@id\":\"https:\\\/\\\/prepaidelectricity.co\\\/es\\\/#website\",\"url\":\"https:\\\/\\\/prepaidelectricity.co\\\/es\\\/\",\"name\":\"Prepaid Electricity\",\"description\":\"\",\"potentialAction\":[{\"@type\":\"SearchAction\",\"target\":{\"@type\":\"EntryPoint\",\"urlTemplate\":\"https:\\\/\\\/prepaidelectricity.co\\\/es\\\/?s={search_term_string}\"},\"query-input\":{\"@type\":\"PropertyValueSpecification\",\"valueRequired\":true,\"valueName\":\"search_term_string\"}}],\"inLanguage\":\"es\"}]}<\/script>\n<!-- \/ Yoast SEO plugin. -->","yoast_head_json":{"title":"Pol\u00edtica de Corretaje - Electricidad Prepagada","description":"Prepaid Electricity gana una comisi\u00f3n por cada contrato procesado con \u00e9xito por los proveedores minoristas de electricidad y tambi\u00e9n recibe una compensaci\u00f3n residual continua de los clientes por sus servicios. Electricidad prepagada PO BOX 470487 Fort Worth, TX 76147 Puede comunicarse con la Comisi\u00f3n de Servicios P\u00fablicos de Texas para quejas y consultas. Llamada gratuita: 1-888-782-8477 TTY: 1-800-735-2988 Correo electr\u00f3nico: consumer@puc.texas.gov","robots":{"index":"index","follow":"follow","max-snippet":"max-snippet:-1","max-image-preview":"max-image-preview:large","max-video-preview":"max-video-preview:-1"},"canonical":"https:\/\/prepaidelectricity.co\/es\/brokerage-policy\/","og_locale":"es_ES","og_type":"article","og_title":"Pol\u00edtica de Corretaje - Electricidad Prepagada","og_description":"Prepaid Electricity gana una comisi\u00f3n por cada contrato procesado con \u00e9xito por los proveedores minoristas de electricidad y tambi\u00e9n recibe una compensaci\u00f3n residual continua de los clientes por sus servicios. Electricidad prepagada PO BOX 470487 Fort Worth, TX 76147 Puede comunicarse con la Comisi\u00f3n de Servicios P\u00fablicos de Texas para quejas y consultas. Llamada gratuita: 1-888-782-8477 TTY: 1-800-735-2988 Correo electr\u00f3nico: consumer@puc.texas.gov","og_url":"https:\/\/prepaidelectricity.co\/es\/brokerage-policy\/","og_site_name":"Prepaid Electricity","article_modified_time":"2025-09-08T23:34:35+00:00","twitter_card":"summary_large_image","twitter_misc":{"Tiempo de lectura":"1 minuto"},"schema":{"@context":"https:\/\/schema.org","@graph":[{"@type":"WebPage","@id":"https:\/\/prepaidelectricity.co\/es\/brokerage-policy\/","url":"https:\/\/prepaidelectricity.co\/es\/brokerage-policy\/","name":"Pol\u00edtica de Corretaje - Electricidad Prepagada","isPartOf":{"@id":"https:\/\/prepaidelectricity.co\/es\/#website"},"datePublished":"2023-11-29T21:43:13+00:00","dateModified":"2025-09-08T23:34:35+00:00","description":"Prepaid Electricity gana una comisi\u00f3n por cada contrato procesado con \u00e9xito por los proveedores minoristas de electricidad y tambi\u00e9n recibe una compensaci\u00f3n residual continua de los clientes por sus servicios. Electricidad prepagada PO BOX 470487 Fort Worth, TX 76147 Puede comunicarse con la Comisi\u00f3n de Servicios P\u00fablicos de Texas para quejas y consultas. Llamada gratuita: 1-888-782-8477 TTY: 1-800-735-2988 Correo electr\u00f3nico: consumer@puc.texas.gov","breadcrumb":{"@id":"https:\/\/prepaidelectricity.co\/es\/brokerage-policy\/#breadcrumb"},"inLanguage":"es","potentialAction":[{"@type":"ReadAction","target":["https:\/\/prepaidelectricity.co\/es\/brokerage-policy\/"]}]},{"@type":"BreadcrumbList","@id":"https:\/\/prepaidelectricity.co\/es\/brokerage-policy\/#breadcrumb","itemListElement":[{"@type":"ListItem","position":1,"name":"Home","item":"https:\/\/prepaidelectricity.co\/es\/"},{"@type":"ListItem","position":2,"name":"Pol\u00edtica de Corretaje"}]},{"@type":"WebSite","@id":"https:\/\/prepaidelectricity.co\/es\/#website","url":"https:\/\/prepaidelectricity.co\/es\/","name":"Prepaid Electricity","description":"","potentialAction":[{"@type":"SearchAction","target":{"@type":"EntryPoint","urlTemplate":"https:\/\/prepaidelectricity.co\/es\/?s={search_term_string}"},"query-input":{"@type":"PropertyValueSpecification","valueRequired":true,"valueName":"search_term_string"}}],"inLanguage":"es"}]}},"_links":{"self":[{"href":"https:\/\/prepaidelectricity.co\/es\/wp-json\/wp\/v2\/pages\/565","targetHints":{"allow":["GET"]}}],"collection":[{"href":"https:\/\/prepaidelectricity.co\/es\/wp-json\/wp\/v2\/pages"}],"about":[{"href":"https:\/\/prepaidelectricity.co\/es\/wp-json\/wp\/v2\/types\/page"}],"author":[{"embeddable":true,"href":"https:\/\/prepaidelectricity.co\/es\/wp-json\/wp\/v2\/users\/5"}],"replies":[{"embeddable":true,"href":"https:\/\/prepaidelectricity.co\/es\/wp-json\/wp\/v2\/comments?post=565"}],"version-history":[{"count":3,"href":"https:\/\/prepaidelectricity.co\/es\/wp-json\/wp\/v2\/pages\/565\/revisions"}],"predecessor-version":[{"id":568,"href":"https:\/\/prepaidelectricity.co\/es\/wp-json\/wp\/v2\/pages\/565\/revisions\/568"}],"wp:attachment":[{"href":"https:\/\/prepaidelectricity.co\/es\/wp-json\/wp\/v2\/media?parent=565"}],"curies":[{"name":"wp","href":"https:\/\/api.w.org\/{rel}","templated":true}]}}