{"id":557,"date":"2025-06-09T19:19:20","date_gmt":"2025-06-09T19:19:20","guid":{"rendered":"https:\/\/prepaidelectricity.atmo-dev.com\/?page_id=557"},"modified":"2025-09-08T22:26:16","modified_gmt":"2025-09-08T22:26:16","slug":"how-to-switch-electricity-companies","status":"publish","type":"page","link":"https:\/\/prepaidelectricity.co\/es\/how-to-switch-electricity-companies\/","title":{"rendered":"C\u00f3mo cambiar de compa\u00f1\u00eda el\u00e9ctrica"},"content":{"rendered":"","protected":false},"excerpt":{"rendered":"","protected":false},"author":5,"featured_media":0,"parent":0,"menu_order":0,"comment_status":"closed","ping_status":"closed","template":"page-templates\/landing.php","meta":{"_acf_changed":false,"_yoast_wpseo_title":"C\u00f3mo cambiar de compa\u00f1\u00eda el\u00e9ctrica | PrepaidElectricity.co","_yoast_wpseo_metadesc":"Cambiar de compa\u00f1\u00eda de electricidad en Texas es simple. En PrepaidElectricity.co, podemos guiarlo a trav\u00e9s de los pasos y ayudarlo a comenzar a ahorrar dinero hoy.","footnotes":""},"class_list":["post-557","page","type-page","status-publish","hentry"],"acf":[],"yoast_head":"<!-- This site is optimized with the Yoast SEO plugin v27.5 - https:\/\/yoast.com\/product\/yoast-seo-wordpress\/ -->\n<title>C\u00f3mo cambiar de compa\u00f1\u00eda el\u00e9ctrica | PrepaidElectricity.co<\/title>\n<meta name=\"description\" content=\"Cambiar de compa\u00f1\u00eda de electricidad en Texas es simple. En PrepaidElectricity.co, podemos guiarlo a trav\u00e9s de los pasos y ayudarlo a comenzar a ahorrar dinero hoy.\" \/>\n<meta name=\"robots\" content=\"index, follow, max-snippet:-1, max-image-preview:large, max-video-preview:-1\" \/>\n<link rel=\"canonical\" href=\"https:\/\/prepaidelectricity.co\/es\/how-to-switch-electricity-companies\/\" \/>\n<meta property=\"og:locale\" content=\"es_ES\" \/>\n<meta property=\"og:type\" content=\"article\" \/>\n<meta property=\"og:title\" content=\"C\u00f3mo cambiar de compa\u00f1\u00eda el\u00e9ctrica | PrepaidElectricity.co\" \/>\n<meta property=\"og:description\" content=\"Cambiar de compa\u00f1\u00eda de electricidad en Texas es simple. En PrepaidElectricity.co, podemos guiarlo a trav\u00e9s de los pasos y ayudarlo a comenzar a ahorrar dinero hoy.\" \/>\n<meta property=\"og:url\" content=\"https:\/\/prepaidelectricity.co\/es\/how-to-switch-electricity-companies\/\" \/>\n<meta property=\"og:site_name\" content=\"Prepaid Electricity\" \/>\n<meta property=\"article:modified_time\" content=\"2025-09-08T22:26:16+00:00\" \/>\n<meta name=\"twitter:card\" content=\"summary_large_image\" \/>\n<script type=\"application\/ld+json\" class=\"yoast-schema-graph\">{\"@context\":\"https:\\\/\\\/schema.org\",\"@graph\":[{\"@type\":\"WebPage\",\"@id\":\"https:\\\/\\\/prepaidelectricity.co\\\/es\\\/how-to-switch-electricity-companies\\\/\",\"url\":\"https:\\\/\\\/prepaidelectricity.co\\\/es\\\/how-to-switch-electricity-companies\\\/\",\"name\":\"C\u00f3mo cambiar de compa\u00f1\u00eda el\u00e9ctrica | PrepaidElectricity.co\",\"isPartOf\":{\"@id\":\"https:\\\/\\\/prepaidelectricity.co\\\/es\\\/#website\"},\"datePublished\":\"2025-06-09T19:19:20+00:00\",\"dateModified\":\"2025-09-08T22:26:16+00:00\",\"description\":\"Cambiar de compa\u00f1\u00eda de electricidad en Texas es simple. En PrepaidElectricity.co, podemos guiarlo a trav\u00e9s de los pasos y ayudarlo a comenzar a ahorrar dinero hoy.\",\"breadcrumb\":{\"@id\":\"https:\\\/\\\/prepaidelectricity.co\\\/es\\\/how-to-switch-electricity-companies\\\/#breadcrumb\"},\"inLanguage\":\"es\",\"potentialAction\":[{\"@type\":\"ReadAction\",\"target\":[\"https:\\\/\\\/prepaidelectricity.co\\\/es\\\/how-to-switch-electricity-companies\\\/\"]}]},{\"@type\":\"BreadcrumbList\",\"@id\":\"https:\\\/\\\/prepaidelectricity.co\\\/es\\\/how-to-switch-electricity-companies\\\/#breadcrumb\",\"itemListElement\":[{\"@type\":\"ListItem\",\"position\":1,\"name\":\"Home\",\"item\":\"https:\\\/\\\/prepaidelectricity.co\\\/es\\\/\"},{\"@type\":\"ListItem\",\"position\":2,\"name\":\"C\u00f3mo cambiar de compa\u00f1\u00eda el\u00e9ctrica\"}]},{\"@type\":\"WebSite\",\"@id\":\"https:\\\/\\\/prepaidelectricity.co\\\/es\\\/#website\",\"url\":\"https:\\\/\\\/prepaidelectricity.co\\\/es\\\/\",\"name\":\"Prepaid Electricity\",\"description\":\"\",\"potentialAction\":[{\"@type\":\"SearchAction\",\"target\":{\"@type\":\"EntryPoint\",\"urlTemplate\":\"https:\\\/\\\/prepaidelectricity.co\\\/es\\\/?s={search_term_string}\"},\"query-input\":{\"@type\":\"PropertyValueSpecification\",\"valueRequired\":true,\"valueName\":\"search_term_string\"}}],\"inLanguage\":\"es\"}]}<\/script>\n<!-- \/ Yoast SEO plugin. -->","yoast_head_json":{"title":"C\u00f3mo cambiar de compa\u00f1\u00eda el\u00e9ctrica | PrepaidElectricity.co","description":"Cambiar de compa\u00f1\u00eda de electricidad en Texas es simple. En PrepaidElectricity.co, podemos guiarlo a trav\u00e9s de los pasos y ayudarlo a comenzar a ahorrar dinero hoy.","robots":{"index":"index","follow":"follow","max-snippet":"max-snippet:-1","max-image-preview":"max-image-preview:large","max-video-preview":"max-video-preview:-1"},"canonical":"https:\/\/prepaidelectricity.co\/es\/how-to-switch-electricity-companies\/","og_locale":"es_ES","og_type":"article","og_title":"C\u00f3mo cambiar de compa\u00f1\u00eda el\u00e9ctrica | PrepaidElectricity.co","og_description":"Cambiar de compa\u00f1\u00eda de electricidad en Texas es simple. En PrepaidElectricity.co, podemos guiarlo a trav\u00e9s de los pasos y ayudarlo a comenzar a ahorrar dinero hoy.","og_url":"https:\/\/prepaidelectricity.co\/es\/how-to-switch-electricity-companies\/","og_site_name":"Prepaid Electricity","article_modified_time":"2025-09-08T22:26:16+00:00","twitter_card":"summary_large_image","schema":{"@context":"https:\/\/schema.org","@graph":[{"@type":"WebPage","@id":"https:\/\/prepaidelectricity.co\/es\/how-to-switch-electricity-companies\/","url":"https:\/\/prepaidelectricity.co\/es\/how-to-switch-electricity-companies\/","name":"C\u00f3mo cambiar de compa\u00f1\u00eda el\u00e9ctrica | PrepaidElectricity.co","isPartOf":{"@id":"https:\/\/prepaidelectricity.co\/es\/#website"},"datePublished":"2025-06-09T19:19:20+00:00","dateModified":"2025-09-08T22:26:16+00:00","description":"Cambiar de compa\u00f1\u00eda de electricidad en Texas es simple. En PrepaidElectricity.co, podemos guiarlo a trav\u00e9s de los pasos y ayudarlo a comenzar a ahorrar dinero hoy.","breadcrumb":{"@id":"https:\/\/prepaidelectricity.co\/es\/how-to-switch-electricity-companies\/#breadcrumb"},"inLanguage":"es","potentialAction":[{"@type":"ReadAction","target":["https:\/\/prepaidelectricity.co\/es\/how-to-switch-electricity-companies\/"]}]},{"@type":"BreadcrumbList","@id":"https:\/\/prepaidelectricity.co\/es\/how-to-switch-electricity-companies\/#breadcrumb","itemListElement":[{"@type":"ListItem","position":1,"name":"Home","item":"https:\/\/prepaidelectricity.co\/es\/"},{"@type":"ListItem","position":2,"name":"C\u00f3mo cambiar de compa\u00f1\u00eda el\u00e9ctrica"}]},{"@type":"WebSite","@id":"https:\/\/prepaidelectricity.co\/es\/#website","url":"https:\/\/prepaidelectricity.co\/es\/","name":"Prepaid Electricity","description":"","potentialAction":[{"@type":"SearchAction","target":{"@type":"EntryPoint","urlTemplate":"https:\/\/prepaidelectricity.co\/es\/?s={search_term_string}"},"query-input":{"@type":"PropertyValueSpecification","valueRequired":true,"valueName":"search_term_string"}}],"inLanguage":"es"}]}},"_links":{"self":[{"href":"https:\/\/prepaidelectricity.co\/es\/wp-json\/wp\/v2\/pages\/557","targetHints":{"allow":["GET"]}}],"collection":[{"href":"https:\/\/prepaidelectricity.co\/es\/wp-json\/wp\/v2\/pages"}],"about":[{"href":"https:\/\/prepaidelectricity.co\/es\/wp-json\/wp\/v2\/types\/page"}],"author":[{"embeddable":true,"href":"https:\/\/prepaidelectricity.co\/es\/wp-json\/wp\/v2\/users\/5"}],"replies":[{"embeddable":true,"href":"https:\/\/prepaidelectricity.co\/es\/wp-json\/wp\/v2\/comments?post=557"}],"version-history":[{"count":2,"href":"https:\/\/prepaidelectricity.co\/es\/wp-json\/wp\/v2\/pages\/557\/revisions"}],"predecessor-version":[{"id":559,"href":"https:\/\/prepaidelectricity.co\/es\/wp-json\/wp\/v2\/pages\/557\/revisions\/559"}],"wp:attachment":[{"href":"https:\/\/prepaidelectricity.co\/es\/wp-json\/wp\/v2\/media?parent=557"}],"curies":[{"name":"wp","href":"https:\/\/api.w.org\/{rel}","templated":true}]}}