{"id":552,"date":"2025-06-09T19:19:20","date_gmt":"2025-06-10T00:19:20","guid":{"rendered":"https:\/\/prepaidelectricity.atmo-dev.com\/?page_id=552"},"modified":"2025-09-08T22:21:00","modified_gmt":"2025-09-08T22:21:00","slug":"compare-electricity-rates","status":"publish","type":"page","link":"https:\/\/prepaidelectricity.co\/es\/compare-electricity-rates\/","title":{"rendered":"Compara tarifas de electricidad en Texas"},"content":{"rendered":"","protected":false},"excerpt":{"rendered":"","protected":false},"author":5,"featured_media":1127,"parent":0,"menu_order":0,"comment_status":"closed","ping_status":"closed","template":"page-templates\/landing.php","meta":{"_acf_changed":false,"_yoast_wpseo_title":"Compara tarifas de electricidad en Texas | Electricidad prepagada","_yoast_wpseo_metadesc":"Compare f\u00e1cilmente las tarifas de electricidad en Texas con PrepaidElectricity.co. Encuentra planes asequibles sin dep\u00f3sito ni verificaci\u00f3n de cr\u00e9dito para tu hogar y peque\u00f1a empresa.","footnotes":""},"class_list":["post-552","page","type-page","status-publish","has-post-thumbnail","hentry"],"acf":[],"yoast_head":"<!-- This site is optimized with the Yoast SEO plugin v27.5 - https:\/\/yoast.com\/product\/yoast-seo-wordpress\/ -->\n<title>Compara tarifas de electricidad en Texas | Electricidad prepagada<\/title>\n<meta name=\"description\" content=\"Compare f\u00e1cilmente las tarifas de electricidad en Texas con PrepaidElectricity.co. Encuentra planes asequibles sin dep\u00f3sito ni verificaci\u00f3n de cr\u00e9dito para tu hogar y peque\u00f1a empresa.\" \/>\n<meta name=\"robots\" content=\"index, follow, max-snippet:-1, max-image-preview:large, max-video-preview:-1\" \/>\n<link rel=\"canonical\" href=\"https:\/\/prepaidelectricity.co\/es\/compare-electricity-rates\/\" \/>\n<meta property=\"og:locale\" content=\"es_ES\" \/>\n<meta property=\"og:type\" content=\"article\" \/>\n<meta property=\"og:title\" content=\"Compara tarifas de electricidad en Texas | Electricidad prepagada\" \/>\n<meta property=\"og:description\" content=\"Compare f\u00e1cilmente las tarifas de electricidad en Texas con PrepaidElectricity.co. Encuentra planes asequibles sin dep\u00f3sito ni verificaci\u00f3n de cr\u00e9dito para tu hogar y peque\u00f1a empresa.\" \/>\n<meta property=\"og:url\" content=\"https:\/\/prepaidelectricity.co\/es\/compare-electricity-rates\/\" \/>\n<meta property=\"og:site_name\" content=\"Prepaid Electricity\" \/>\n<meta property=\"article:modified_time\" content=\"2025-09-08T22:21:00+00:00\" \/>\n<meta name=\"twitter:card\" content=\"summary_large_image\" \/>\n<script type=\"application\/ld+json\" class=\"yoast-schema-graph\">{\"@context\":\"https:\\\/\\\/schema.org\",\"@graph\":[{\"@type\":\"WebPage\",\"@id\":\"https:\\\/\\\/prepaidelectricity.co\\\/es\\\/compare-electricity-rates\\\/\",\"url\":\"https:\\\/\\\/prepaidelectricity.co\\\/es\\\/compare-electricity-rates\\\/\",\"name\":\"Compara tarifas de electricidad en Texas | Electricidad prepagada\",\"isPartOf\":{\"@id\":\"https:\\\/\\\/prepaidelectricity.co\\\/es\\\/#website\"},\"primaryImageOfPage\":{\"@id\":\"https:\\\/\\\/prepaidelectricity.co\\\/es\\\/compare-electricity-rates\\\/#primaryimage\"},\"image\":{\"@id\":\"https:\\\/\\\/prepaidelectricity.co\\\/es\\\/compare-electricity-rates\\\/#primaryimage\"},\"thumbnailUrl\":\"https:\\\/\\\/prepaidelectricity.co\\\/wp-content\\\/uploads\\\/2026\\\/02\\\/Header.png\",\"datePublished\":\"2025-06-10T00:19:20+00:00\",\"dateModified\":\"2025-09-08T22:21:00+00:00\",\"description\":\"Compare f\u00e1cilmente las tarifas de electricidad en Texas con PrepaidElectricity.co. Encuentra planes asequibles sin dep\u00f3sito ni verificaci\u00f3n de cr\u00e9dito para tu hogar y peque\u00f1a empresa.\",\"breadcrumb\":{\"@id\":\"https:\\\/\\\/prepaidelectricity.co\\\/es\\\/compare-electricity-rates\\\/#breadcrumb\"},\"inLanguage\":\"es\",\"potentialAction\":[{\"@type\":\"ReadAction\",\"target\":[\"https:\\\/\\\/prepaidelectricity.co\\\/es\\\/compare-electricity-rates\\\/\"]}]},{\"@type\":\"ImageObject\",\"inLanguage\":\"es\",\"@id\":\"https:\\\/\\\/prepaidelectricity.co\\\/es\\\/compare-electricity-rates\\\/#primaryimage\",\"url\":\"https:\\\/\\\/prepaidelectricity.co\\\/wp-content\\\/uploads\\\/2026\\\/02\\\/Header.png\",\"contentUrl\":\"https:\\\/\\\/prepaidelectricity.co\\\/wp-content\\\/uploads\\\/2026\\\/02\\\/Header.png\",\"width\":2076,\"height\":978},{\"@type\":\"BreadcrumbList\",\"@id\":\"https:\\\/\\\/prepaidelectricity.co\\\/es\\\/compare-electricity-rates\\\/#breadcrumb\",\"itemListElement\":[{\"@type\":\"ListItem\",\"position\":1,\"name\":\"Home\",\"item\":\"https:\\\/\\\/prepaidelectricity.co\\\/es\\\/\"},{\"@type\":\"ListItem\",\"position\":2,\"name\":\"Compara tarifas de electricidad en Texas\"}]},{\"@type\":\"WebSite\",\"@id\":\"https:\\\/\\\/prepaidelectricity.co\\\/es\\\/#website\",\"url\":\"https:\\\/\\\/prepaidelectricity.co\\\/es\\\/\",\"name\":\"Prepaid Electricity\",\"description\":\"\",\"potentialAction\":[{\"@type\":\"SearchAction\",\"target\":{\"@type\":\"EntryPoint\",\"urlTemplate\":\"https:\\\/\\\/prepaidelectricity.co\\\/es\\\/?s={search_term_string}\"},\"query-input\":{\"@type\":\"PropertyValueSpecification\",\"valueRequired\":true,\"valueName\":\"search_term_string\"}}],\"inLanguage\":\"es\"}]}<\/script>\n<!-- \/ Yoast SEO plugin. -->","yoast_head_json":{"title":"Compara tarifas de electricidad en Texas | Electricidad prepagada","description":"Compare f\u00e1cilmente las tarifas de electricidad en Texas con PrepaidElectricity.co. Encuentra planes asequibles sin dep\u00f3sito ni verificaci\u00f3n de cr\u00e9dito para tu hogar y peque\u00f1a empresa.","robots":{"index":"index","follow":"follow","max-snippet":"max-snippet:-1","max-image-preview":"max-image-preview:large","max-video-preview":"max-video-preview:-1"},"canonical":"https:\/\/prepaidelectricity.co\/es\/compare-electricity-rates\/","og_locale":"es_ES","og_type":"article","og_title":"Compara tarifas de electricidad en Texas | Electricidad prepagada","og_description":"Compare f\u00e1cilmente las tarifas de electricidad en Texas con PrepaidElectricity.co. Encuentra planes asequibles sin dep\u00f3sito ni verificaci\u00f3n de cr\u00e9dito para tu hogar y peque\u00f1a empresa.","og_url":"https:\/\/prepaidelectricity.co\/es\/compare-electricity-rates\/","og_site_name":"Prepaid Electricity","article_modified_time":"2025-09-08T22:21:00+00:00","twitter_card":"summary_large_image","schema":{"@context":"https:\/\/schema.org","@graph":[{"@type":"WebPage","@id":"https:\/\/prepaidelectricity.co\/es\/compare-electricity-rates\/","url":"https:\/\/prepaidelectricity.co\/es\/compare-electricity-rates\/","name":"Compara tarifas de electricidad en Texas | Electricidad prepagada","isPartOf":{"@id":"https:\/\/prepaidelectricity.co\/es\/#website"},"primaryImageOfPage":{"@id":"https:\/\/prepaidelectricity.co\/es\/compare-electricity-rates\/#primaryimage"},"image":{"@id":"https:\/\/prepaidelectricity.co\/es\/compare-electricity-rates\/#primaryimage"},"thumbnailUrl":"https:\/\/prepaidelectricity.co\/wp-content\/uploads\/2026\/02\/Header.png","datePublished":"2025-06-10T00:19:20+00:00","dateModified":"2025-09-08T22:21:00+00:00","description":"Compare f\u00e1cilmente las tarifas de electricidad en Texas con PrepaidElectricity.co. Encuentra planes asequibles sin dep\u00f3sito ni verificaci\u00f3n de cr\u00e9dito para tu hogar y peque\u00f1a empresa.","breadcrumb":{"@id":"https:\/\/prepaidelectricity.co\/es\/compare-electricity-rates\/#breadcrumb"},"inLanguage":"es","potentialAction":[{"@type":"ReadAction","target":["https:\/\/prepaidelectricity.co\/es\/compare-electricity-rates\/"]}]},{"@type":"ImageObject","inLanguage":"es","@id":"https:\/\/prepaidelectricity.co\/es\/compare-electricity-rates\/#primaryimage","url":"https:\/\/prepaidelectricity.co\/wp-content\/uploads\/2026\/02\/Header.png","contentUrl":"https:\/\/prepaidelectricity.co\/wp-content\/uploads\/2026\/02\/Header.png","width":2076,"height":978},{"@type":"BreadcrumbList","@id":"https:\/\/prepaidelectricity.co\/es\/compare-electricity-rates\/#breadcrumb","itemListElement":[{"@type":"ListItem","position":1,"name":"Home","item":"https:\/\/prepaidelectricity.co\/es\/"},{"@type":"ListItem","position":2,"name":"Compara tarifas de electricidad en Texas"}]},{"@type":"WebSite","@id":"https:\/\/prepaidelectricity.co\/es\/#website","url":"https:\/\/prepaidelectricity.co\/es\/","name":"Prepaid Electricity","description":"","potentialAction":[{"@type":"SearchAction","target":{"@type":"EntryPoint","urlTemplate":"https:\/\/prepaidelectricity.co\/es\/?s={search_term_string}"},"query-input":{"@type":"PropertyValueSpecification","valueRequired":true,"valueName":"search_term_string"}}],"inLanguage":"es"}]}},"_links":{"self":[{"href":"https:\/\/prepaidelectricity.co\/es\/wp-json\/wp\/v2\/pages\/552","targetHints":{"allow":["GET"]}}],"collection":[{"href":"https:\/\/prepaidelectricity.co\/es\/wp-json\/wp\/v2\/pages"}],"about":[{"href":"https:\/\/prepaidelectricity.co\/es\/wp-json\/wp\/v2\/types\/page"}],"author":[{"embeddable":true,"href":"https:\/\/prepaidelectricity.co\/es\/wp-json\/wp\/v2\/users\/5"}],"replies":[{"embeddable":true,"href":"https:\/\/prepaidelectricity.co\/es\/wp-json\/wp\/v2\/comments?post=552"}],"version-history":[{"count":3,"href":"https:\/\/prepaidelectricity.co\/es\/wp-json\/wp\/v2\/pages\/552\/revisions"}],"predecessor-version":[{"id":556,"href":"https:\/\/prepaidelectricity.co\/es\/wp-json\/wp\/v2\/pages\/552\/revisions\/556"}],"wp:featuredmedia":[{"embeddable":true,"href":"https:\/\/prepaidelectricity.co\/es\/wp-json\/wp\/v2\/media\/1127"}],"wp:attachment":[{"href":"https:\/\/prepaidelectricity.co\/es\/wp-json\/wp\/v2\/media?parent=552"}],"curies":[{"name":"wp","href":"https:\/\/api.w.org\/{rel}","templated":true}]}}