{"id":527,"date":"2025-07-12T17:00:03","date_gmt":"2025-07-12T22:00:03","guid":{"rendered":"https:\/\/prepaidelectricity.atmo-dev.com\/?page_id=527"},"modified":"2025-09-12T15:23:22","modified_gmt":"2025-09-12T15:23:22","slug":"month-to-month-prepaid-electricity","status":"publish","type":"page","link":"https:\/\/prepaidelectricity.co\/es\/month-to-month-prepaid-electricity\/","title":{"rendered":"Electricidad prepagada mes a mes"},"content":{"rendered":"","protected":false},"excerpt":{"rendered":"","protected":false},"author":5,"featured_media":0,"parent":0,"menu_order":0,"comment_status":"closed","ping_status":"closed","template":"page-templates\/landing.php","meta":{"_acf_changed":false,"_yoast_wpseo_title":"Electricidad prepagada mes a mes | PrepaidElectricity.co","_yoast_wpseo_metadesc":"PrepaidElectricity.co simplifica los planes de electricidad preparados mes a mes. Disfruta de una conexi\u00f3n el mismo d\u00eda sin sorpresas de dep\u00f3sito, verificaci\u00f3n de cr\u00e9dito o facturaci\u00f3n.","footnotes":""},"class_list":["post-527","page","type-page","status-publish","hentry"],"acf":[],"yoast_head":"<!-- This site is optimized with the Yoast SEO plugin v27.5 - https:\/\/yoast.com\/product\/yoast-seo-wordpress\/ -->\n<title>Electricidad prepagada mes a mes | PrepaidElectricity.co<\/title>\n<meta name=\"description\" content=\"PrepaidElectricity.co simplifica los planes de electricidad preparados mes a mes. Disfruta de una conexi\u00f3n el mismo d\u00eda sin sorpresas de dep\u00f3sito, verificaci\u00f3n de cr\u00e9dito o facturaci\u00f3n.\" \/>\n<meta name=\"robots\" content=\"index, follow, max-snippet:-1, max-image-preview:large, max-video-preview:-1\" \/>\n<link rel=\"canonical\" href=\"https:\/\/prepaidelectricity.co\/es\/month-to-month-prepaid-electricity\/\" \/>\n<meta property=\"og:locale\" content=\"es_ES\" \/>\n<meta property=\"og:type\" content=\"article\" \/>\n<meta property=\"og:title\" content=\"Electricidad prepagada mes a mes | PrepaidElectricity.co\" \/>\n<meta property=\"og:description\" content=\"PrepaidElectricity.co simplifica los planes de electricidad preparados mes a mes. Disfruta de una conexi\u00f3n el mismo d\u00eda sin sorpresas de dep\u00f3sito, verificaci\u00f3n de cr\u00e9dito o facturaci\u00f3n.\" \/>\n<meta property=\"og:url\" content=\"https:\/\/prepaidelectricity.co\/es\/month-to-month-prepaid-electricity\/\" \/>\n<meta property=\"og:site_name\" content=\"Prepaid Electricity\" \/>\n<meta property=\"article:modified_time\" content=\"2025-09-12T15:23:22+00:00\" \/>\n<meta name=\"twitter:card\" content=\"summary_large_image\" \/>\n<script type=\"application\/ld+json\" class=\"yoast-schema-graph\">{\"@context\":\"https:\\\/\\\/schema.org\",\"@graph\":[{\"@type\":\"WebPage\",\"@id\":\"https:\\\/\\\/prepaidelectricity.co\\\/es\\\/month-to-month-prepaid-electricity\\\/\",\"url\":\"https:\\\/\\\/prepaidelectricity.co\\\/es\\\/month-to-month-prepaid-electricity\\\/\",\"name\":\"Electricidad prepagada mes a mes | PrepaidElectricity.co\",\"isPartOf\":{\"@id\":\"https:\\\/\\\/prepaidelectricity.co\\\/es\\\/#website\"},\"datePublished\":\"2025-07-12T22:00:03+00:00\",\"dateModified\":\"2025-09-12T15:23:22+00:00\",\"description\":\"PrepaidElectricity.co simplifica los planes de electricidad preparados mes a mes. Disfruta de una conexi\u00f3n el mismo d\u00eda sin sorpresas de dep\u00f3sito, verificaci\u00f3n de cr\u00e9dito o facturaci\u00f3n.\",\"breadcrumb\":{\"@id\":\"https:\\\/\\\/prepaidelectricity.co\\\/es\\\/month-to-month-prepaid-electricity\\\/#breadcrumb\"},\"inLanguage\":\"es\",\"potentialAction\":[{\"@type\":\"ReadAction\",\"target\":[\"https:\\\/\\\/prepaidelectricity.co\\\/es\\\/month-to-month-prepaid-electricity\\\/\"]}]},{\"@type\":\"BreadcrumbList\",\"@id\":\"https:\\\/\\\/prepaidelectricity.co\\\/es\\\/month-to-month-prepaid-electricity\\\/#breadcrumb\",\"itemListElement\":[{\"@type\":\"ListItem\",\"position\":1,\"name\":\"Home\",\"item\":\"https:\\\/\\\/prepaidelectricity.co\\\/es\\\/\"},{\"@type\":\"ListItem\",\"position\":2,\"name\":\"Electricidad prepagada mes a mes\"}]},{\"@type\":\"WebSite\",\"@id\":\"https:\\\/\\\/prepaidelectricity.co\\\/es\\\/#website\",\"url\":\"https:\\\/\\\/prepaidelectricity.co\\\/es\\\/\",\"name\":\"Prepaid Electricity\",\"description\":\"\",\"potentialAction\":[{\"@type\":\"SearchAction\",\"target\":{\"@type\":\"EntryPoint\",\"urlTemplate\":\"https:\\\/\\\/prepaidelectricity.co\\\/es\\\/?s={search_term_string}\"},\"query-input\":{\"@type\":\"PropertyValueSpecification\",\"valueRequired\":true,\"valueName\":\"search_term_string\"}}],\"inLanguage\":\"es\"}]}<\/script>\n<!-- \/ Yoast SEO plugin. -->","yoast_head_json":{"title":"Electricidad prepagada mes a mes | PrepaidElectricity.co","description":"PrepaidElectricity.co simplifica los planes de electricidad preparados mes a mes. Disfruta de una conexi\u00f3n el mismo d\u00eda sin sorpresas de dep\u00f3sito, verificaci\u00f3n de cr\u00e9dito o facturaci\u00f3n.","robots":{"index":"index","follow":"follow","max-snippet":"max-snippet:-1","max-image-preview":"max-image-preview:large","max-video-preview":"max-video-preview:-1"},"canonical":"https:\/\/prepaidelectricity.co\/es\/month-to-month-prepaid-electricity\/","og_locale":"es_ES","og_type":"article","og_title":"Electricidad prepagada mes a mes | PrepaidElectricity.co","og_description":"PrepaidElectricity.co simplifica los planes de electricidad preparados mes a mes. Disfruta de una conexi\u00f3n el mismo d\u00eda sin sorpresas de dep\u00f3sito, verificaci\u00f3n de cr\u00e9dito o facturaci\u00f3n.","og_url":"https:\/\/prepaidelectricity.co\/es\/month-to-month-prepaid-electricity\/","og_site_name":"Prepaid Electricity","article_modified_time":"2025-09-12T15:23:22+00:00","twitter_card":"summary_large_image","schema":{"@context":"https:\/\/schema.org","@graph":[{"@type":"WebPage","@id":"https:\/\/prepaidelectricity.co\/es\/month-to-month-prepaid-electricity\/","url":"https:\/\/prepaidelectricity.co\/es\/month-to-month-prepaid-electricity\/","name":"Electricidad prepagada mes a mes | PrepaidElectricity.co","isPartOf":{"@id":"https:\/\/prepaidelectricity.co\/es\/#website"},"datePublished":"2025-07-12T22:00:03+00:00","dateModified":"2025-09-12T15:23:22+00:00","description":"PrepaidElectricity.co simplifica los planes de electricidad preparados mes a mes. Disfruta de una conexi\u00f3n el mismo d\u00eda sin sorpresas de dep\u00f3sito, verificaci\u00f3n de cr\u00e9dito o facturaci\u00f3n.","breadcrumb":{"@id":"https:\/\/prepaidelectricity.co\/es\/month-to-month-prepaid-electricity\/#breadcrumb"},"inLanguage":"es","potentialAction":[{"@type":"ReadAction","target":["https:\/\/prepaidelectricity.co\/es\/month-to-month-prepaid-electricity\/"]}]},{"@type":"BreadcrumbList","@id":"https:\/\/prepaidelectricity.co\/es\/month-to-month-prepaid-electricity\/#breadcrumb","itemListElement":[{"@type":"ListItem","position":1,"name":"Home","item":"https:\/\/prepaidelectricity.co\/es\/"},{"@type":"ListItem","position":2,"name":"Electricidad prepagada mes a mes"}]},{"@type":"WebSite","@id":"https:\/\/prepaidelectricity.co\/es\/#website","url":"https:\/\/prepaidelectricity.co\/es\/","name":"Prepaid Electricity","description":"","potentialAction":[{"@type":"SearchAction","target":{"@type":"EntryPoint","urlTemplate":"https:\/\/prepaidelectricity.co\/es\/?s={search_term_string}"},"query-input":{"@type":"PropertyValueSpecification","valueRequired":true,"valueName":"search_term_string"}}],"inLanguage":"es"}]}},"_links":{"self":[{"href":"https:\/\/prepaidelectricity.co\/es\/wp-json\/wp\/v2\/pages\/527","targetHints":{"allow":["GET"]}}],"collection":[{"href":"https:\/\/prepaidelectricity.co\/es\/wp-json\/wp\/v2\/pages"}],"about":[{"href":"https:\/\/prepaidelectricity.co\/es\/wp-json\/wp\/v2\/types\/page"}],"author":[{"embeddable":true,"href":"https:\/\/prepaidelectricity.co\/es\/wp-json\/wp\/v2\/users\/5"}],"replies":[{"embeddable":true,"href":"https:\/\/prepaidelectricity.co\/es\/wp-json\/wp\/v2\/comments?post=527"}],"version-history":[{"count":6,"href":"https:\/\/prepaidelectricity.co\/es\/wp-json\/wp\/v2\/pages\/527\/revisions"}],"predecessor-version":[{"id":632,"href":"https:\/\/prepaidelectricity.co\/es\/wp-json\/wp\/v2\/pages\/527\/revisions\/632"}],"wp:attachment":[{"href":"https:\/\/prepaidelectricity.co\/es\/wp-json\/wp\/v2\/media?parent=527"}],"curies":[{"name":"wp","href":"https:\/\/api.w.org\/{rel}","templated":true}]}}