{"id":515,"date":"2025-05-30T20:36:23","date_gmt":"2025-05-31T01:36:23","guid":{"rendered":"https:\/\/prepaidelectricity.co\/?page_id=515"},"modified":"2026-01-09T14:25:47","modified_gmt":"2026-01-09T20:25:47","slug":"areas-we-serve","status":"publish","type":"page","link":"https:\/\/prepaidelectricity.co\/es\/areas-we-serve\/","title":{"rendered":"Electricidad Prepaga en Texas, F\u00e1cil y R\u00e1pido"},"content":{"rendered":"<p>\u00bfBusca una forma asequible y sin complicaciones de conectar su hogar o negocio en Texas? Est\u00e1s en el lugar correcto. PrepaidElectricity.co ayuda a los tejanos a encontrar planes de electricidad prepagados flexibles, sin dep\u00f3sito, sin verificaci\u00f3n de cr\u00e9dito y sin necesidad de un contrato a largo plazo. Ya sea que sea nuevo en \u201cThe Lone Star State\u201d o simplemente est\u00e9 buscando una mejor oferta, hacemos que sea f\u00e1cil registrarse y conectarse r\u00e1pidamente.<\/p>\n<p>Gracias al mercado el\u00e9ctrico desregulado de Texas, la mayor\u00eda de los residentes y peque\u00f1as empresas pueden elegir su proveedor de electricidad. Eso significa que no est\u00e1 atrapado en una compa\u00f1\u00eda el\u00e9ctrica o atrapado con un plan preasignado. En PrepaidElectricity.co, ponemos el control en sus manos: pague por adelantado, realice un seguimiento de su uso en tiempo real y recargue seg\u00fan sea necesario. Es ideal para cualquier persona que valore la simplicidad, la asequibilidad y la libertad de elegir.<\/p>\n<p>Nuestro proceso es r\u00e1pido, transparente y est\u00e1 dise\u00f1ado para encender las luces, a menudo el mismo d\u00eda en que se registra.<\/p>\n<h2>Texas: Un gran estado con el poder de elegir su proveedor de electricidad<\/h2>\n<p>Desde las principales \u00e1reas metropolitanas como Houston y Dallas hasta las peque\u00f1as ciudades del oeste de Texas y la costa del Golfo, los tejanos disfrutan m\u00e1s que amplios espacios abiertos: tambi\u00e9n tienen la libertad de elegir c\u00f3mo conectar sus hogares. Texas fue uno de los primeros estados en desregular su mercado de electricidad, dando a millones de residentes la posibilidad de comprar mejores tarifas y un mejor servicio.<\/p>\n<p>PrepaidElectricity.co es un proveedor confiable que atiende a hogares y empresas en todo el estado con tarifas competitivas, t\u00e9rminos claros y sin tarifas ocultas. Ya sea que viva en un apartamento en Austin, una casa en El Paso o tenga un negocio en el Panhandle, la electricidad prepaga es una soluci\u00f3n flexible y sin ataduras que le da el control.<\/p>\n<p>\u00bfPor qu\u00e9 conformarse con contratos r\u00edgidos o tarifas sorpresa? Los tejanos saben mucho cuando ven uno, y con los planes prepagados, obtienes exactamente eso. Agregue conexiones en el mismo d\u00eda y un servicio al cliente amigable, y tendr\u00e1 un plan que funciona en sus t\u00e9rminos.<\/p>\n<h2>Cambiar a electricidad prepaga es simple en Texas<\/h2>\n<p>Comenzar el servicio no deber\u00eda ser complicado, y con PrepaidElectricity.co, no lo es. Hacemos que sea f\u00e1cil comparar planes de electricidad prepagados en tu \u00e1rea, inscribirte en l\u00ednea y obtener energ\u00eda r\u00e1pidamente. No hay dep\u00f3sito, ni verificaci\u00f3n de cr\u00e9dito, ni papeleo extenso. Simplemente pague por adelantado, realice un seguimiento de su uso y recargue cuando sea necesario.<\/p>\n<h2>\u00bfConexi\u00f3n el mismo d\u00eda? Absolutamente. \u00bfPrecios transparentes? Por supuesto. \u00bfSoporte amistoso? Siempre.<\/h2>\n<p>Ya sea que est\u00e9 cambiando de proveedor o configurando el servicio por primera vez, PrepaidElectricity.co elimina las conjeturas para encontrar un plan de energ\u00eda que se ajuste. Reg\u00edstrese hoy y experimente la flexibilidad y conveniencia que merecen los tejanos.<\/p>\n","protected":false},"excerpt":{"rendered":"<p>\u00bfBusca una forma asequible y sin complicaciones de conectar su hogar o negocio en Texas? Est\u00e1s en el lugar correcto. PrepaidElectricity.co ayuda a los tejanos a encontrar planes de electricidad prepagados flexibles, sin dep\u00f3sito, sin verificaci\u00f3n de cr\u00e9dito y sin necesidad de un contrato a largo plazo. Ya sea que sea nuevo en \u201cThe Lone [&hellip;]<\/p>\n","protected":false},"author":5,"featured_media":0,"parent":0,"menu_order":0,"comment_status":"closed","ping_status":"closed","template":"page-templates\/areas-we-serve.php","meta":{"_acf_changed":false,"_yoast_wpseo_title":"Electricidad prepagada en Texas hecha f\u00e1cil - Electricidad prepaga","_yoast_wpseo_metadesc":"\u00bfBusca una forma asequible y sin complicaciones de alimentar su hogar o negocio en Texas? Est\u00e1s en el lugar correcto. PrepaidElectricity.co ayuda a los tejanos a encontrar planes de electricidad prepagados flexibles, sin dep\u00f3sito, sin verificaci\u00f3n de cr\u00e9dito y sin necesidad de un contrato a largo plazo. Ya sea que sea nuevo en el estado de la estrella solitaria o simplemente est\u00e9 buscando una mejor oferta, lo hacemos f\u00e1cil","footnotes":""},"class_list":["post-515","page","type-page","status-publish","hentry"],"acf":[],"yoast_head":"<!-- This site is optimized with the Yoast SEO plugin v27.5 - https:\/\/yoast.com\/product\/yoast-seo-wordpress\/ -->\n<title>Electricidad prepagada en Texas hecha f\u00e1cil - Electricidad prepaga<\/title>\n<meta name=\"description\" content=\"\u00bfBusca una forma asequible y sin complicaciones de alimentar su hogar o negocio en Texas? Est\u00e1s en el lugar correcto. PrepaidElectricity.co ayuda a los tejanos a encontrar planes de electricidad prepagados flexibles, sin dep\u00f3sito, sin verificaci\u00f3n de cr\u00e9dito y sin necesidad de un contrato a largo plazo. Ya sea que sea nuevo en el estado de la estrella solitaria o simplemente est\u00e9 buscando una mejor oferta, lo hacemos f\u00e1cil\" \/>\n<meta name=\"robots\" content=\"index, follow, max-snippet:-1, max-image-preview:large, max-video-preview:-1\" \/>\n<link rel=\"canonical\" href=\"https:\/\/prepaidelectricity.co\/es\/areas-we-serve\/\" \/>\n<meta property=\"og:locale\" content=\"es_ES\" \/>\n<meta property=\"og:type\" content=\"article\" \/>\n<meta property=\"og:title\" content=\"Electricidad prepagada en Texas hecha f\u00e1cil - Electricidad prepaga\" \/>\n<meta property=\"og:description\" content=\"\u00bfBusca una forma asequible y sin complicaciones de alimentar su hogar o negocio en Texas? Est\u00e1s en el lugar correcto. PrepaidElectricity.co ayuda a los tejanos a encontrar planes de electricidad prepagados flexibles, sin dep\u00f3sito, sin verificaci\u00f3n de cr\u00e9dito y sin necesidad de un contrato a largo plazo. Ya sea que sea nuevo en el estado de la estrella solitaria o simplemente est\u00e9 buscando una mejor oferta, lo hacemos f\u00e1cil\" \/>\n<meta property=\"og:url\" content=\"https:\/\/prepaidelectricity.co\/es\/areas-we-serve\/\" \/>\n<meta property=\"og:site_name\" content=\"Prepaid Electricity\" \/>\n<meta property=\"article:modified_time\" content=\"2026-01-09T20:25:47+00:00\" \/>\n<meta name=\"twitter:card\" content=\"summary_large_image\" \/>\n<meta name=\"twitter:label1\" content=\"Tiempo de lectura\" \/>\n\t<meta name=\"twitter:data1\" content=\"3 minutos\" \/>\n<script type=\"application\/ld+json\" class=\"yoast-schema-graph\">{\"@context\":\"https:\\\/\\\/schema.org\",\"@graph\":[{\"@type\":\"WebPage\",\"@id\":\"https:\\\/\\\/prepaidelectricity.co\\\/es\\\/areas-we-serve\\\/\",\"url\":\"https:\\\/\\\/prepaidelectricity.co\\\/es\\\/areas-we-serve\\\/\",\"name\":\"Electricidad prepagada en Texas hecha f\u00e1cil - Electricidad prepaga\",\"isPartOf\":{\"@id\":\"https:\\\/\\\/prepaidelectricity.co\\\/es\\\/#website\"},\"datePublished\":\"2025-05-31T01:36:23+00:00\",\"dateModified\":\"2026-01-09T20:25:47+00:00\",\"description\":\"\u00bfBusca una forma asequible y sin complicaciones de alimentar su hogar o negocio en Texas? Est\u00e1s en el lugar correcto. PrepaidElectricity.co ayuda a los tejanos a encontrar planes de electricidad prepagados flexibles, sin dep\u00f3sito, sin verificaci\u00f3n de cr\u00e9dito y sin necesidad de un contrato a largo plazo. Ya sea que sea nuevo en el estado de la estrella solitaria o simplemente est\u00e9 buscando una mejor oferta, lo hacemos f\u00e1cil\",\"breadcrumb\":{\"@id\":\"https:\\\/\\\/prepaidelectricity.co\\\/es\\\/areas-we-serve\\\/#breadcrumb\"},\"inLanguage\":\"es\",\"potentialAction\":[{\"@type\":\"ReadAction\",\"target\":[\"https:\\\/\\\/prepaidelectricity.co\\\/es\\\/areas-we-serve\\\/\"]}]},{\"@type\":\"BreadcrumbList\",\"@id\":\"https:\\\/\\\/prepaidelectricity.co\\\/es\\\/areas-we-serve\\\/#breadcrumb\",\"itemListElement\":[{\"@type\":\"ListItem\",\"position\":1,\"name\":\"Home\",\"item\":\"https:\\\/\\\/prepaidelectricity.co\\\/es\\\/\"},{\"@type\":\"ListItem\",\"position\":2,\"name\":\"Electricidad Prepaga en Texas, F\u00e1cil y R\u00e1pido\"}]},{\"@type\":\"WebSite\",\"@id\":\"https:\\\/\\\/prepaidelectricity.co\\\/es\\\/#website\",\"url\":\"https:\\\/\\\/prepaidelectricity.co\\\/es\\\/\",\"name\":\"Prepaid Electricity\",\"description\":\"\",\"potentialAction\":[{\"@type\":\"SearchAction\",\"target\":{\"@type\":\"EntryPoint\",\"urlTemplate\":\"https:\\\/\\\/prepaidelectricity.co\\\/es\\\/?s={search_term_string}\"},\"query-input\":{\"@type\":\"PropertyValueSpecification\",\"valueRequired\":true,\"valueName\":\"search_term_string\"}}],\"inLanguage\":\"es\"}]}<\/script>\n<!-- \/ Yoast SEO plugin. -->","yoast_head_json":{"title":"Electricidad prepagada en Texas hecha f\u00e1cil - Electricidad prepaga","description":"\u00bfBusca una forma asequible y sin complicaciones de alimentar su hogar o negocio en Texas? Est\u00e1s en el lugar correcto. PrepaidElectricity.co ayuda a los tejanos a encontrar planes de electricidad prepagados flexibles, sin dep\u00f3sito, sin verificaci\u00f3n de cr\u00e9dito y sin necesidad de un contrato a largo plazo. Ya sea que sea nuevo en el estado de la estrella solitaria o simplemente est\u00e9 buscando una mejor oferta, lo hacemos f\u00e1cil","robots":{"index":"index","follow":"follow","max-snippet":"max-snippet:-1","max-image-preview":"max-image-preview:large","max-video-preview":"max-video-preview:-1"},"canonical":"https:\/\/prepaidelectricity.co\/es\/areas-we-serve\/","og_locale":"es_ES","og_type":"article","og_title":"Electricidad prepagada en Texas hecha f\u00e1cil - Electricidad prepaga","og_description":"\u00bfBusca una forma asequible y sin complicaciones de alimentar su hogar o negocio en Texas? Est\u00e1s en el lugar correcto. PrepaidElectricity.co ayuda a los tejanos a encontrar planes de electricidad prepagados flexibles, sin dep\u00f3sito, sin verificaci\u00f3n de cr\u00e9dito y sin necesidad de un contrato a largo plazo. Ya sea que sea nuevo en el estado de la estrella solitaria o simplemente est\u00e9 buscando una mejor oferta, lo hacemos f\u00e1cil","og_url":"https:\/\/prepaidelectricity.co\/es\/areas-we-serve\/","og_site_name":"Prepaid Electricity","article_modified_time":"2026-01-09T20:25:47+00:00","twitter_card":"summary_large_image","twitter_misc":{"Tiempo de lectura":"3 minutos"},"schema":{"@context":"https:\/\/schema.org","@graph":[{"@type":"WebPage","@id":"https:\/\/prepaidelectricity.co\/es\/areas-we-serve\/","url":"https:\/\/prepaidelectricity.co\/es\/areas-we-serve\/","name":"Electricidad prepagada en Texas hecha f\u00e1cil - Electricidad prepaga","isPartOf":{"@id":"https:\/\/prepaidelectricity.co\/es\/#website"},"datePublished":"2025-05-31T01:36:23+00:00","dateModified":"2026-01-09T20:25:47+00:00","description":"\u00bfBusca una forma asequible y sin complicaciones de alimentar su hogar o negocio en Texas? Est\u00e1s en el lugar correcto. PrepaidElectricity.co ayuda a los tejanos a encontrar planes de electricidad prepagados flexibles, sin dep\u00f3sito, sin verificaci\u00f3n de cr\u00e9dito y sin necesidad de un contrato a largo plazo. Ya sea que sea nuevo en el estado de la estrella solitaria o simplemente est\u00e9 buscando una mejor oferta, lo hacemos f\u00e1cil","breadcrumb":{"@id":"https:\/\/prepaidelectricity.co\/es\/areas-we-serve\/#breadcrumb"},"inLanguage":"es","potentialAction":[{"@type":"ReadAction","target":["https:\/\/prepaidelectricity.co\/es\/areas-we-serve\/"]}]},{"@type":"BreadcrumbList","@id":"https:\/\/prepaidelectricity.co\/es\/areas-we-serve\/#breadcrumb","itemListElement":[{"@type":"ListItem","position":1,"name":"Home","item":"https:\/\/prepaidelectricity.co\/es\/"},{"@type":"ListItem","position":2,"name":"Electricidad Prepaga en Texas, F\u00e1cil y R\u00e1pido"}]},{"@type":"WebSite","@id":"https:\/\/prepaidelectricity.co\/es\/#website","url":"https:\/\/prepaidelectricity.co\/es\/","name":"Prepaid Electricity","description":"","potentialAction":[{"@type":"SearchAction","target":{"@type":"EntryPoint","urlTemplate":"https:\/\/prepaidelectricity.co\/es\/?s={search_term_string}"},"query-input":{"@type":"PropertyValueSpecification","valueRequired":true,"valueName":"search_term_string"}}],"inLanguage":"es"}]}},"_links":{"self":[{"href":"https:\/\/prepaidelectricity.co\/es\/wp-json\/wp\/v2\/pages\/515","targetHints":{"allow":["GET"]}}],"collection":[{"href":"https:\/\/prepaidelectricity.co\/es\/wp-json\/wp\/v2\/pages"}],"about":[{"href":"https:\/\/prepaidelectricity.co\/es\/wp-json\/wp\/v2\/types\/page"}],"author":[{"embeddable":true,"href":"https:\/\/prepaidelectricity.co\/es\/wp-json\/wp\/v2\/users\/5"}],"replies":[{"embeddable":true,"href":"https:\/\/prepaidelectricity.co\/es\/wp-json\/wp\/v2\/comments?post=515"}],"version-history":[{"count":3,"href":"https:\/\/prepaidelectricity.co\/es\/wp-json\/wp\/v2\/pages\/515\/revisions"}],"predecessor-version":[{"id":564,"href":"https:\/\/prepaidelectricity.co\/es\/wp-json\/wp\/v2\/pages\/515\/revisions\/564"}],"wp:attachment":[{"href":"https:\/\/prepaidelectricity.co\/es\/wp-json\/wp\/v2\/media?parent=515"}],"curies":[{"name":"wp","href":"https:\/\/api.w.org\/{rel}","templated":true}]}}